{"id":14,"date":"2025-03-27T08:49:24","date_gmt":"2025-03-27T08:49:24","guid":{"rendered":"https:\/\/globalconto.hu\/?page_id=14"},"modified":"2025-07-04T08:06:02","modified_gmt":"2025-07-04T08:06:02","slug":"fooldal","status":"publish","type":"page","link":"https:\/\/globalconto.hu\/","title":{"rendered":"F\u0151oldal"},"content":{"rendered":"<p>[et_pb_section fb_built=&#8221;1&#8243; _builder_version=&#8221;4.27.4&#8243; _module_preset=&#8221;default&#8221; background_video_mp4=&#8221;https:\/\/globalconto.hu\/wp-content\/uploads\/2025\/07\/GettyImages-942890098-1.mp4&#8243; custom_padding=&#8221;4px||542px|||&#8221; global_colors_info=&#8221;{}&#8221;][\/et_pb_section][et_pb_section fb_built=&#8221;1&#8243; _builder_version=&#8221;4.27.4&#8243; _module_preset=&#8221;default&#8221; custom_padding=&#8221;||0px|||&#8221; global_colors_info=&#8221;{}&#8221;][et_pb_row column_structure=&#8221;1_4,1_4,1_4,1_4&#8243; module_id=&#8221;rolunk&#8221; module_class=&#8221;rolunk&#8221; _builder_version=&#8221;4.27.4&#8243; _module_preset=&#8221;default&#8221; width=&#8221;90%&#8221; max_width=&#8221;100%&#8221; global_colors_info=&#8221;{}&#8221;][et_pb_column type=&#8221;1_4&#8243; _builder_version=&#8221;4.27.4&#8243; _module_preset=&#8221;default&#8221; global_colors_info=&#8221;{}&#8221;][et_pb_image src=&#8221;https:\/\/globalconto.hu\/wp-content\/uploads\/2025\/07\/accounting-1.png&#8221; title_text=&#8221;accounting (1)&#8221; align=&#8221;center&#8221; _builder_version=&#8221;4.27.4&#8243; _module_preset=&#8221;default&#8221; global_colors_info=&#8221;{}&#8221;][\/et_pb_image][et_pb_text _builder_version=&#8221;4.27.4&#8243; _module_preset=&#8221;default&#8221; text_font=&#8221;|700|||||||&#8221; text_text_color=&#8221;#0C71C3&#8243; text_font_size=&#8221;27px&#8221; custom_margin=&#8221;||20px|||&#8221; global_colors_info=&#8221;{}&#8221;]<\/p>\n<p style=\"text-align: center;\">K\u00d6NYVEL\u00c9S<\/p>\n<p>[\/et_pb_text][et_pb_text _builder_version=&#8221;4.27.4&#8243; _module_preset=&#8221;default&#8221; text_text_color=&#8221;#FFFFFF&#8221; text_font_size=&#8221;22px&#8221; text_line_height=&#8221;1.5em&#8221; background_color=&#8221;#580ccc&#8221; custom_padding=&#8221;10px|10px|10px|10px|true|true&#8221; border_color_all=&#8221;#0C71C3&#8243; box_shadow_style=&#8221;preset3&#8243; global_colors_info=&#8221;{}&#8221;]<\/p>\n<p>Folyamatos analitikus nyilv\u00e1ntart\u00e1s vezet\u00e9se. Ad\u00f3z\u00e1s rendj\u00e9nek megfelel\u0151en t\u00e1j\u00e9koztat\u00e1s az utaland\u00f3 ad\u00f3kr\u00f3l.<br \/>Az ad\u00f3 bevall\u00e1sok hat\u00e1rid\u0151re t\u00f6rt\u00e9n\u0151 elk\u00e9sz\u00edt\u00e9s\u00e9t. Vev\u0151i \u00e9s sz\u00e1ll\u00edt\u00f3i tartoz\u00e1sok kimutat\u00e1sa. K\u00f6telez\u0151 \u00e9vk\u00f6zi \u00e9s havi adatszolg\u00e1ltat\u00e1sok, bevall\u00e1sok elk\u00e9sz\u00edt\u00e9se. Folyamatos t\u00e1j\u00e9koztat\u00e1s a v\u00e1llalkoz\u00e1s helyzet\u00e9r\u0151l.<\/p>\n<p>[\/et_pb_text][\/et_pb_column][et_pb_column type=&#8221;1_4&#8243; _builder_version=&#8221;4.27.4&#8243; _module_preset=&#8221;default&#8221; global_colors_info=&#8221;{}&#8221;][et_pb_image src=&#8221;https:\/\/globalconto.hu\/wp-content\/uploads\/2025\/07\/payroll.png&#8221; title_text=&#8221;payroll&#8221; align=&#8221;center&#8221; _builder_version=&#8221;4.27.4&#8243; _module_preset=&#8221;default&#8221; global_colors_info=&#8221;{}&#8221;][\/et_pb_image][et_pb_text _builder_version=&#8221;4.27.4&#8243; _module_preset=&#8221;default&#8221; text_font=&#8221;|700|||||||&#8221; text_text_color=&#8221;#0C71C3&#8243; text_font_size=&#8221;27px&#8221; custom_margin=&#8221;||20px|||&#8221; global_colors_info=&#8221;{}&#8221;]<\/p>\n<p style=\"text-align: center;\">B\u00c9RSZ\u00c1MFEJT\u00c9S<\/p>\n<p>[\/et_pb_text][et_pb_text _builder_version=&#8221;4.27.4&#8243; _module_preset=&#8221;default&#8221; text_text_color=&#8221;#FFFFFF&#8221; text_font_size=&#8221;22px&#8221; text_line_height=&#8221;1.5em&#8221; background_color=&#8221;#561fcd&#8221; custom_padding=&#8221;10px|10px|10px|10px|true|true&#8221; border_color_all=&#8221;#0C71C3&#8243; box_shadow_style=&#8221;preset3&#8243; global_colors_info=&#8221;{}&#8221;]<\/p>\n<p>Havi b\u00e9rek juttat\u00e1sok sz\u00e1mfejt\u00e9se.<br \/>Munkab\u00e9r utal\u00e1si \u00f6sszes\u00edt\u0151 elk\u00e9sz\u00edt\u00e9se.<br \/>Fizet\u00e9si jegyz\u00e9kek, al\u00e1\u00edr\u00f3 list\u00e1k k\u00e9sz\u00edt\u00e9se.<br \/>Havi j\u00e1rul\u00e9kbevall\u00e1s (&#8217;08) beny\u00fajt\u00e1sa \u00fcgyf\u00e9lkapun kereszt\u00fcl.<br \/>Kil\u00e9p\u0151 dolgoz\u00f3k elsz\u00e1mol\u00e1sa \u00e9s bizonylataik elk\u00e9sz\u00edt\u00e9se.<br \/>T\u00e1pp\u00e9nzes ell\u00e1t\u00e1sok kezel\u00e9se.<br \/>Munk\u00e1ltat\u00f3i igazol\u00e1sok.<\/p>\n<p>[\/et_pb_text][\/et_pb_column][et_pb_column type=&#8221;1_4&#8243; _builder_version=&#8221;4.27.4&#8243; _module_preset=&#8221;default&#8221; global_colors_info=&#8221;{}&#8221;][et_pb_image src=&#8221;https:\/\/globalconto.hu\/wp-content\/uploads\/2025\/07\/accounting-2.png&#8221; title_text=&#8221;accounting (2)&#8221; align=&#8221;center&#8221; _builder_version=&#8221;4.27.4&#8243; _module_preset=&#8221;default&#8221; global_colors_info=&#8221;{}&#8221;][\/et_pb_image][et_pb_text _builder_version=&#8221;4.27.4&#8243; _module_preset=&#8221;default&#8221; text_font=&#8221;|700|||||||&#8221; text_text_color=&#8221;#0C71C3&#8243; text_font_size=&#8221;27px&#8221; custom_margin=&#8221;||20px|||&#8221; global_colors_info=&#8221;{}&#8221;]<\/p>\n<p style=\"text-align: center;\">SZOLG\u00c1LTAT\u00c1SOK<\/p>\n<p>[\/et_pb_text][et_pb_text _builder_version=&#8221;4.27.4&#8243; _module_preset=&#8221;default&#8221; text_text_color=&#8221;#FFFFFF&#8221; text_font_size=&#8221;22px&#8221; text_line_height=&#8221;1.5em&#8221; background_color=&#8221;#5529cd&#8221; custom_padding=&#8221;10px|10px|10px|10px|true|true&#8221; border_color_all=&#8221;#0C71C3&#8243; box_shadow_style=&#8221;preset3&#8243; global_colors_info=&#8221;{}&#8221;]<\/p>\n<p>Angol nyelv\u0171 kapcsolattart\u00e1s tulajdonosokkal esetleges angol nyelv\u0171 elsz\u00e1mol\u00e1sok k\u00e9sz\u00edt\u00e9se, mint pl. P and L. C<span>\u00e9gek \u00fajrak\u00f6nyvel\u00e9s\u00e9t is v\u00e1llaljuk. R\u00e9szt tudunk venni olyan c\u00e9gek \u00e9let\u00e9ben ahol a tulajdonos k\u00fclf\u00f6ldi. Angol nyelv\u00fb kapcsolattart\u00e1st tudunk v\u00e1llalni. El tudunk k\u00e9sz\u00edteni repirtokat \u00fagy mint P and L angol nyelven \u00e9s magyarul is.<\/span><\/p>\n<p>[\/et_pb_text][\/et_pb_column][et_pb_column type=&#8221;1_4&#8243; _builder_version=&#8221;4.27.4&#8243; _module_preset=&#8221;default&#8221; global_colors_info=&#8221;{}&#8221;][et_pb_image src=&#8221;https:\/\/globalconto.hu\/wp-content\/uploads\/2025\/07\/audit-1.png&#8221; title_text=&#8221;audit (1)&#8221; align=&#8221;center&#8221; _builder_version=&#8221;4.27.4&#8243; _module_preset=&#8221;default&#8221; global_colors_info=&#8221;{}&#8221;][\/et_pb_image][et_pb_text _builder_version=&#8221;4.27.4&#8243; _module_preset=&#8221;default&#8221; text_font=&#8221;|700|||||||&#8221; text_text_color=&#8221;#0C71C3&#8243; text_font_size=&#8221;27px&#8221; custom_margin=&#8221;||20px|||&#8221; global_colors_info=&#8221;{}&#8221;]<\/p>\n<p style=\"text-align: center;\">AD\u00d3TAN\u00c1CSAD\u00c1S<\/p>\n<p>[\/et_pb_text][et_pb_text _builder_version=&#8221;4.27.4&#8243; _module_preset=&#8221;default&#8221; text_text_color=&#8221;#FFFFFF&#8221; text_font_size=&#8221;22px&#8221; text_line_height=&#8221;1.5em&#8221; background_color=&#8221;#5432cd&#8221; custom_padding=&#8221;10px|10px|10px|10px|true|true&#8221; border_color_all=&#8221;#0C71C3&#8243; box_shadow_style=&#8221;preset3&#8243; global_colors_info=&#8221;{}&#8221;]<\/p>\n<p>Ad\u00f3z\u00e1sban elakadt vagy kapott egy ellen\u00f4rz\u00e9st amiben seg\u00edts\u00e9gre van sz\u00fcks\u00e9ge szeretn\u00e9 hogy szakember k\u00e9pviselje a hivatal el\u00f6tt. Vagy felmer\u00fcl c\u00e9g\u00e9ben olyan ad\u00f3z\u00e1si k\u00e9rd\u00e9s ami nem m\u00e9g nem ismer, vagy k\u00f6nyvel\u00f4je nem j\u00e1ratos benne. Keressen bizalommal<\/p>\n<p>[\/et_pb_text][\/et_pb_column][\/et_pb_row][\/et_pb_section][et_pb_section fb_built=&#8221;1&#8243; _builder_version=&#8221;4.27.4&#8243; _module_preset=&#8221;default&#8221; custom_padding=&#8221;18px||3px|||&#8221; bottom_divider_style=&#8221;mountains2&#8243; bottom_divider_color=&#8221;#561fcd&#8221; bottom_divider_flip=&#8221;horizontal&#8221; global_colors_info=&#8221;{}&#8221;][et_pb_row module_id=&#8221;szolgaltatasok&#8221; module_class=&#8221;szolgaltatasok&#8221; _builder_version=&#8221;4.27.4&#8243; _module_preset=&#8221;default&#8221; width=&#8221;90%&#8221; max_width=&#8221;100%&#8221; global_colors_info=&#8221;{}&#8221;][et_pb_column type=&#8221;4_4&#8243; _builder_version=&#8221;4.27.4&#8243; _module_preset=&#8221;default&#8221; global_colors_info=&#8221;{}&#8221;][et_pb_text _builder_version=&#8221;4.27.4&#8243; _module_preset=&#8221;default&#8221; text_font=&#8221;|700|||||||&#8221; text_text_color=&#8221;#561fcd&#8221; text_font_size=&#8221;27px&#8221; custom_margin=&#8221;||43px|||&#8221; global_colors_info=&#8221;{}&#8221;]<\/p>\n<p style=\"text-align: center;\">SZOLG\u00c1LTAT\u00c1SAINK<\/p>\n<p>[\/et_pb_text][et_pb_text _builder_version=&#8221;4.27.4&#8243; _module_preset=&#8221;default&#8221; text_line_height=&#8221;1.8em&#8221; custom_padding=&#8221;||52px|||&#8221; global_colors_info=&#8221;{}&#8221;]<\/p>\n<p>Minden kedves \u00dcgyfel\u00fcnknek szem\u00e9lyre illetve c\u00e9gre szabott szolg\u00e1ltat\u00e1st ny\u00fajtunk, fontos sz\u00e1munkra, hogy \u00d6n is az egyedi csomagot egyik\u00e9t \u00e9lvezhesse.<br \/>\u00c1rainkat a szolg\u00e1ltat\u00e1sok k\u00f6re, komplexit\u00e1sa befoly\u00e1solja ez\u00e9rt minden esetben egyedi \u00e1raj\u00e1nlatot adunk.<\/p>\n<p>K\u00e9rje most egyedi \u00e1raj\u00e1nlatunkat!\u00a0<\/p>\n<p>Szolg\u00e1ltat\u00e1saink, tev\u00e9kenys\u00e9geink:<\/p>\n<p>\u2022 Kett\u0151s k\u00f6nyvel\u00e9s (Kft, Bt, teljes k\u00f6r\u0171 k\u00f6nyvel\u00e9s)<br \/>\u2022 B\u00e9rsz\u00e1mfejt\u00e9s<br \/>\u2022 \u00c9ves besz\u00e1mol\u00f3k k\u00e9sz\u00edt\u00e9se (M\u00e9rleg, eredm\u00e9ny kimutat\u00e1s, kieg\u00e9sz\u00edt\u0151 mell\u00e9klet)<br \/>\u2022 Indul\u00f3 v\u00e1llalkoz\u00e1sok r\u00e9sz\u00e9re a c\u00e9galap\u00edt\u00e1ssal kapcsolatos tan\u00e1csad\u00e1s, teljes-k\u00f6r\u0171 \u00fcgyint\u00e9z\u00e9s, \u00fcgyv\u00e9d k\u00f6zrem\u0171k\u00f6d\u00e9s\u00e9vel<br \/>\u2022 Ut\u00f3lagos \u00fajra k\u00f6nyvel\u00e9s kor\u00e1bbi \u00e9vek alapj\u00e1n<br \/>\u2022 Elektronikus bevall\u00e1sok<br \/>\u2022 Ad\u00f3bevall\u00e1sok elk\u00e9sz\u00edt\u00e9se, ad\u00f3hat\u00f3s\u00e1gokn\u00e1l t\u00f6rt\u00e9n\u0151 \u00fcgyint\u00e9z\u00e9s<br \/>\u2022 EVA bev\u00e9teli nyilv\u00e1ntart\u00e1s<br \/>\u2022 P\u00e1ly\u00e1zatokban val\u00f3 seg\u00edts\u00e9gny\u00fajt\u00e1s<br \/>\u2022 Tan\u00e1csad\u00e1s \u2013 ad\u00f3z\u00e1shoz, c\u00e9galap\u00edt\u00e1shoz<\/p>\n<p>A nagyobb horderej\u0171 k\u00e9rd\u00e9sek megv\u00e1laszol\u00e1sa \u00e9rdek\u00e9ben c\u00e9g\u00fcnk kapcsolatot tart szakmailag elismert k\u00f6nyvvizsg\u00e1l\u00f3kkal, ad\u00f3tan\u00e1csad\u00f3kkal \u00e9s jog\u00e1szokkal.<br \/>Tev\u00e9kenys\u00e9g\u00fcnket a magyar ad\u00f3 \u00e9s sz\u00e1mviteli szab\u00e1lyoknak megfelel\u0151en v\u00e9gezz\u00fck.<br \/>Szakmai felel\u0151ss\u00e9g-biztos\u00edt\u00e1ssal rendelkez\u00fcnk, melyet a Generali-Providencia Biztos\u00edt\u00f3 Rt l\u00e1t el.<\/p>\n<p>[\/et_pb_text][\/et_pb_column][\/et_pb_row][\/et_pb_section][et_pb_section fb_built=&#8221;1&#8243; _builder_version=&#8221;4.27.4&#8243; _module_preset=&#8221;default&#8221; custom_padding=&#8221;8px||20px|||&#8221; top_divider_color=&#8221;#0C71C3&#8243; global_colors_info=&#8221;{}&#8221;][et_pb_row column_structure=&#8221;1_2,1_2&#8243; _builder_version=&#8221;4.27.4&#8243; _module_preset=&#8221;default&#8221; width=&#8221;90%&#8221; max_width=&#8221;100%&#8221; custom_padding=&#8221;48px|||||&#8221; global_colors_info=&#8221;{}&#8221;][et_pb_column type=&#8221;1_2&#8243; _builder_version=&#8221;4.27.4&#8243; _module_preset=&#8221;default&#8221; global_colors_info=&#8221;{}&#8221;][et_pb_text module_id=&#8221;kapcsolat&#8221; module_class=&#8221;kapcsolat&#8221; _builder_version=&#8221;4.27.4&#8243; _module_preset=&#8221;default&#8221; text_font=&#8221;|700|||||||&#8221; text_text_color=&#8221;#0C71C3&#8243; text_font_size=&#8221;27px&#8221; custom_margin=&#8221;||43px|||&#8221; global_colors_info=&#8221;{}&#8221;]<\/p>\n<p style=\"text-align: center;\">KAPCSOLAT<\/p>\n<p>[\/et_pb_text][et_pb_text _builder_version=&#8221;4.27.4&#8243; _module_preset=&#8221;default&#8221; text_line_height=&#8221;1.8em&#8221; global_colors_info=&#8221;{}&#8221;]<\/p>\n<p style=\"text-align: left;\">C\u00edm: 1144 Budapest, K\u0151szeg utca 20.<\/p>\n<p style=\"text-align: left;\">Mobil: +36-70-943-74-19<\/p>\n<p style=\"text-align: left;\">E-mail: <span>info@globalconto.hu<\/span><\/p>\n<p>Ha b\u00e1rmely szolg\u00e1ltat\u00e1sunk felkeltette \u00e9rdekl\u0151d\u00e9s\u00e9t vagy k\u00e9rd\u00e9se lenne, akkor k\u00e9rem h\u00edvjon vagy k\u00fcldj\u00f6n e-mailt.<\/p>\n<p>[\/et_pb_text][\/et_pb_column][et_pb_column type=&#8221;1_2&#8243; _builder_version=&#8221;4.27.4&#8243; _module_preset=&#8221;default&#8221; global_colors_info=&#8221;{}&#8221;][et_pb_text module_id=&#8221;arajanlat&#8221; module_class=&#8221;arajanlat&#8221; _builder_version=&#8221;4.27.4&#8243; _module_preset=&#8221;default&#8221; text_font=&#8221;|700|||||||&#8221; text_text_color=&#8221;#0C71C3&#8243; text_font_size=&#8221;27px&#8221; custom_margin=&#8221;||43px|||&#8221; global_colors_info=&#8221;{}&#8221;]<\/p>\n<p style=\"text-align: center;\">\u00c1RAJ\u00c1NLAT<\/p>\n<p>[\/et_pb_text][et_pb_contact_form email=&#8221;konyveles@expokonto.hu&#8221; _builder_version=&#8221;4.27.4&#8243; _module_preset=&#8221;default&#8221; _unique_id=&#8221;89f185ab-d74c-4278-a8d8-661650bfb968&#8243; form_field_font_size=&#8221;18px&#8221; global_colors_info=&#8221;{}&#8221;][et_pb_contact_field field_id=&#8221;N\u00e9v&#8221; field_title=&#8221;N\u00e9v*&#8221; _builder_version=&#8221;4.27.4&#8243; global_colors_info=&#8221;{}&#8221; button_text_size__hover_enabled=&#8221;off&#8221; button_one_text_size__hover_enabled=&#8221;off&#8221; button_two_text_size__hover_enabled=&#8221;off&#8221; button_text_color__hover_enabled=&#8221;off&#8221; button_one_text_color__hover_enabled=&#8221;off&#8221; button_two_text_color__hover_enabled=&#8221;off&#8221; button_border_width__hover_enabled=&#8221;off&#8221; button_one_border_width__hover_enabled=&#8221;off&#8221; button_two_border_width__hover_enabled=&#8221;off&#8221; button_border_color__hover_enabled=&#8221;off&#8221; button_one_border_color__hover_enabled=&#8221;off&#8221; button_two_border_color__hover_enabled=&#8221;off&#8221; button_border_radius__hover_enabled=&#8221;off&#8221; button_one_border_radius__hover_enabled=&#8221;off&#8221; button_two_border_radius__hover_enabled=&#8221;off&#8221; button_letter_spacing__hover_enabled=&#8221;off&#8221; button_one_letter_spacing__hover_enabled=&#8221;off&#8221; button_two_letter_spacing__hover_enabled=&#8221;off&#8221; button_bg_color__hover_enabled=&#8221;off&#8221; button_one_bg_color__hover_enabled=&#8221;off&#8221; button_two_bg_color__hover_enabled=&#8221;off&#8221;][\/et_pb_contact_field][et_pb_contact_field field_id=&#8221;C\u00e9gn\u00e9v&#8221; field_title=&#8221;C\u00e9gn\u00e9v&#8221; required_mark=&#8221;off&#8221; _builder_version=&#8221;4.27.4&#8243; global_colors_info=&#8221;{}&#8221; button_text_size__hover_enabled=&#8221;off&#8221; button_one_text_size__hover_enabled=&#8221;off&#8221; button_two_text_size__hover_enabled=&#8221;off&#8221; button_text_color__hover_enabled=&#8221;off&#8221; button_one_text_color__hover_enabled=&#8221;off&#8221; button_two_text_color__hover_enabled=&#8221;off&#8221; button_border_width__hover_enabled=&#8221;off&#8221; button_one_border_width__hover_enabled=&#8221;off&#8221; button_two_border_width__hover_enabled=&#8221;off&#8221; button_border_color__hover_enabled=&#8221;off&#8221; button_one_border_color__hover_enabled=&#8221;off&#8221; button_two_border_color__hover_enabled=&#8221;off&#8221; button_border_radius__hover_enabled=&#8221;off&#8221; button_one_border_radius__hover_enabled=&#8221;off&#8221; button_two_border_radius__hover_enabled=&#8221;off&#8221; button_letter_spacing__hover_enabled=&#8221;off&#8221; button_one_letter_spacing__hover_enabled=&#8221;off&#8221; button_two_letter_spacing__hover_enabled=&#8221;off&#8221; button_bg_color__hover_enabled=&#8221;off&#8221; button_one_bg_color__hover_enabled=&#8221;off&#8221; button_two_bg_color__hover_enabled=&#8221;off&#8221;][\/et_pb_contact_field][et_pb_contact_field field_id=&#8221;Email&#8221; field_title=&#8221;Email c\u00edm*&#8221; field_type=&#8221;email&#8221; _builder_version=&#8221;4.27.4&#8243; global_colors_info=&#8221;{}&#8221; button_text_size__hover_enabled=&#8221;off&#8221; button_one_text_size__hover_enabled=&#8221;off&#8221; button_two_text_size__hover_enabled=&#8221;off&#8221; button_text_color__hover_enabled=&#8221;off&#8221; button_one_text_color__hover_enabled=&#8221;off&#8221; button_two_text_color__hover_enabled=&#8221;off&#8221; button_border_width__hover_enabled=&#8221;off&#8221; button_one_border_width__hover_enabled=&#8221;off&#8221; button_two_border_width__hover_enabled=&#8221;off&#8221; button_border_color__hover_enabled=&#8221;off&#8221; button_one_border_color__hover_enabled=&#8221;off&#8221; button_two_border_color__hover_enabled=&#8221;off&#8221; button_border_radius__hover_enabled=&#8221;off&#8221; button_one_border_radius__hover_enabled=&#8221;off&#8221; button_two_border_radius__hover_enabled=&#8221;off&#8221; button_letter_spacing__hover_enabled=&#8221;off&#8221; button_one_letter_spacing__hover_enabled=&#8221;off&#8221; button_two_letter_spacing__hover_enabled=&#8221;off&#8221; button_bg_color__hover_enabled=&#8221;off&#8221; button_one_bg_color__hover_enabled=&#8221;off&#8221; button_two_bg_color__hover_enabled=&#8221;off&#8221;][\/et_pb_contact_field][et_pb_contact_field field_id=&#8221;Telefonsz\u00e1m&#8221; field_title=&#8221;Telefonsz\u00e1m*&#8221; _builder_version=&#8221;4.27.4&#8243; global_colors_info=&#8221;{}&#8221; button_text_size__hover_enabled=&#8221;off&#8221; button_one_text_size__hover_enabled=&#8221;off&#8221; button_two_text_size__hover_enabled=&#8221;off&#8221; button_text_color__hover_enabled=&#8221;off&#8221; button_one_text_color__hover_enabled=&#8221;off&#8221; button_two_text_color__hover_enabled=&#8221;off&#8221; button_border_width__hover_enabled=&#8221;off&#8221; button_one_border_width__hover_enabled=&#8221;off&#8221; button_two_border_width__hover_enabled=&#8221;off&#8221; button_border_color__hover_enabled=&#8221;off&#8221; button_one_border_color__hover_enabled=&#8221;off&#8221; button_two_border_color__hover_enabled=&#8221;off&#8221; button_border_radius__hover_enabled=&#8221;off&#8221; button_one_border_radius__hover_enabled=&#8221;off&#8221; button_two_border_radius__hover_enabled=&#8221;off&#8221; button_letter_spacing__hover_enabled=&#8221;off&#8221; button_one_letter_spacing__hover_enabled=&#8221;off&#8221; button_two_letter_spacing__hover_enabled=&#8221;off&#8221; button_bg_color__hover_enabled=&#8221;off&#8221; button_one_bg_color__hover_enabled=&#8221;off&#8221; button_two_bg_color__hover_enabled=&#8221;off&#8221;][\/et_pb_contact_field][et_pb_contact_field field_id=&#8221;Message&#8221; field_title=&#8221;\u00dczenet&#8221; fullwidth_field=&#8221;on&#8221; _builder_version=&#8221;4.27.4&#8243; global_colors_info=&#8221;{}&#8221; button_text_size__hover_enabled=&#8221;off&#8221; button_one_text_size__hover_enabled=&#8221;off&#8221; button_two_text_size__hover_enabled=&#8221;off&#8221; button_text_color__hover_enabled=&#8221;off&#8221; button_one_text_color__hover_enabled=&#8221;off&#8221; button_two_text_color__hover_enabled=&#8221;off&#8221; button_border_width__hover_enabled=&#8221;off&#8221; button_one_border_width__hover_enabled=&#8221;off&#8221; button_two_border_width__hover_enabled=&#8221;off&#8221; button_border_color__hover_enabled=&#8221;off&#8221; button_one_border_color__hover_enabled=&#8221;off&#8221; button_two_border_color__hover_enabled=&#8221;off&#8221; button_border_radius__hover_enabled=&#8221;off&#8221; button_one_border_radius__hover_enabled=&#8221;off&#8221; button_two_border_radius__hover_enabled=&#8221;off&#8221; button_letter_spacing__hover_enabled=&#8221;off&#8221; button_one_letter_spacing__hover_enabled=&#8221;off&#8221; button_two_letter_spacing__hover_enabled=&#8221;off&#8221; button_bg_color__hover_enabled=&#8221;off&#8221; button_one_bg_color__hover_enabled=&#8221;off&#8221; button_two_bg_color__hover_enabled=&#8221;off&#8221;][\/et_pb_contact_field][\/et_pb_contact_form][\/et_pb_column][\/et_pb_row][\/et_pb_section]<\/p>\n","protected":false},"excerpt":{"rendered":"<p>K\u00d6NYVEL\u00c9SFolyamatos analitikus nyilv\u00e1ntart\u00e1s vezet\u00e9se. Ad\u00f3z\u00e1s rendj\u00e9nek megfelel\u0151en t\u00e1j\u00e9koztat\u00e1s az utaland\u00f3 ad\u00f3kr\u00f3l.Az ad\u00f3 bevall\u00e1sok hat\u00e1rid\u0151re t\u00f6rt\u00e9n\u0151 elk\u00e9sz\u00edt\u00e9s\u00e9t. Vev\u0151i \u00e9s sz\u00e1ll\u00edt\u00f3i tartoz\u00e1sok kimutat\u00e1sa. K\u00f6telez\u0151 \u00e9vk\u00f6zi \u00e9s havi adatszolg\u00e1ltat\u00e1sok, bevall\u00e1sok elk\u00e9sz\u00edt\u00e9se. Folyamatos t\u00e1j\u00e9koztat\u00e1s a v\u00e1llalkoz\u00e1s helyzet\u00e9r\u0151l.B\u00c9RSZ\u00c1MFEJT\u00c9SHavi b\u00e9rek juttat\u00e1sok sz\u00e1mfejt\u00e9se.Munkab\u00e9r utal\u00e1si \u00f6sszes\u00edt\u0151 elk\u00e9sz\u00edt\u00e9se.Fizet\u00e9si jegyz\u00e9kek, al\u00e1\u00edr\u00f3 list\u00e1k k\u00e9sz\u00edt\u00e9se.Havi j\u00e1rul\u00e9kbevall\u00e1s (&#8217;08) beny\u00fajt\u00e1sa \u00fcgyf\u00e9lkapun kereszt\u00fcl.Kil\u00e9p\u0151 dolgoz\u00f3k elsz\u00e1mol\u00e1sa \u00e9s bizonylataik elk\u00e9sz\u00edt\u00e9se.T\u00e1pp\u00e9nzes ell\u00e1t\u00e1sok kezel\u00e9se.Munk\u00e1ltat\u00f3i [&hellip;]<\/p>\n","protected":false},"author":1,"featured_media":0,"parent":0,"menu_order":0,"comment_status":"closed","ping_status":"closed","template":"","meta":{"_et_pb_use_builder":"on","_et_pb_old_content":"<!-- wp:divi\/placeholder \/-->","_et_gb_content_width":"","footnotes":""},"class_list":["post-14","page","type-page","status-publish","hentry"],"_links":{"self":[{"href":"https:\/\/globalconto.hu\/index.php\/wp-json\/wp\/v2\/pages\/14","targetHints":{"allow":["GET"]}}],"collection":[{"href":"https:\/\/globalconto.hu\/index.php\/wp-json\/wp\/v2\/pages"}],"about":[{"href":"https:\/\/globalconto.hu\/index.php\/wp-json\/wp\/v2\/types\/page"}],"author":[{"embeddable":true,"href":"https:\/\/globalconto.hu\/index.php\/wp-json\/wp\/v2\/users\/1"}],"replies":[{"embeddable":true,"href":"https:\/\/globalconto.hu\/index.php\/wp-json\/wp\/v2\/comments?post=14"}],"version-history":[{"count":24,"href":"https:\/\/globalconto.hu\/index.php\/wp-json\/wp\/v2\/pages\/14\/revisions"}],"predecessor-version":[{"id":94,"href":"https:\/\/globalconto.hu\/index.php\/wp-json\/wp\/v2\/pages\/14\/revisions\/94"}],"wp:attachment":[{"href":"https:\/\/globalconto.hu\/index.php\/wp-json\/wp\/v2\/media?parent=14"}],"curies":[{"name":"wp","href":"https:\/\/api.w.org\/{rel}","templated":true}]}}